{"id":27919,"date":"2021-05-17T16:21:20","date_gmt":"2021-05-17T16:21:20","guid":{"rendered":"https:\/\/refive.wpengine.com\/registre\/"},"modified":"2023-07-04T09:19:31","modified_gmt":"2023-07-04T09:19:31","slug":"registre","status":"publish","type":"page","link":"https:\/\/www.refive.io\/fr\/registre\/","title":{"rendered":"Registre"},"content":{"rendered":"\t\t<div data-elementor-type=\"wp-page\" data-elementor-id=\"27919\" class=\"elementor elementor-27919 elementor-17986\" data-elementor-post-type=\"page\">\n\t\t\t\t\t\t<section class=\"elementor-section elementor-top-section elementor-element elementor-element-fd8dab8 elementor-section-boxed elementor-section-height-default elementor-section-height-default\" data-id=\"fd8dab8\" data-element_type=\"section\" data-settings=\"{&quot;background_background&quot;:&quot;classic&quot;}\">\n\t\t\t\t\t\t<div class=\"elementor-container elementor-column-gap-default\">\n\t\t\t\t\t<div class=\"elementor-column elementor-col-100 elementor-top-column elementor-element elementor-element-c2258bb\" data-id=\"c2258bb\" data-element_type=\"column\">\n\t\t\t<div class=\"elementor-widget-wrap elementor-element-populated\">\n\t\t\t\t\t\t<section class=\"elementor-section elementor-inner-section elementor-element elementor-element-d52793d elementor-section-boxed elementor-section-height-default elementor-section-height-default\" data-id=\"d52793d\" data-element_type=\"section\" data-settings=\"{&quot;background_background&quot;:&quot;classic&quot;}\">\n\t\t\t\t\t\t<div class=\"elementor-container elementor-column-gap-default\">\n\t\t\t\t\t<div class=\"elementor-column elementor-col-50 elementor-inner-column elementor-element elementor-element-6492f4e\" data-id=\"6492f4e\" data-element_type=\"column\" data-settings=\"{&quot;background_background&quot;:&quot;classic&quot;}\">\n\t\t\t<div class=\"elementor-widget-wrap elementor-element-populated\">\n\t\t\t\t\t\t<div class=\"elementor-element elementor-element-abdbd63 elementor-widget elementor-widget-heading\" data-id=\"abdbd63\" data-element_type=\"widget\" data-widget_type=\"heading.default\">\n\t\t\t\t<div class=\"elementor-widget-container\">\n\t\t\t\t\t<h2 class=\"elementor-heading-title elementor-size-default\">Registre<\/h2>\t\t\t\t<\/div>\n\t\t\t\t<\/div>\n\t\t\t\t<div class=\"elementor-element elementor-element-cf14660 elementor-button-align-stretch elementor-widget elementor-widget-form\" data-id=\"cf14660\" data-element_type=\"widget\" data-settings=\"{&quot;step_next_label&quot;:&quot;Suivant&quot;,&quot;step_previous_label&quot;:&quot;Pr\\u00e9c\\u00e9dent&quot;,&quot;step_type&quot;:&quot;none&quot;,&quot;step_icon_shape&quot;:&quot;none&quot;,&quot;button_width&quot;:&quot;100&quot;}\" data-widget_type=\"form.default\">\n\t\t\t\t<div class=\"elementor-widget-container\">\n\t\t\t\t\t\t\t<form class=\"elementor-form\" method=\"post\" id=\"register\" name=\"Nouveau Formulaire\">\n\t\t\t<input type=\"hidden\" name=\"post_id\" value=\"27919\"\/>\n\t\t\t<input type=\"hidden\" name=\"form_id\" value=\"cf14660\"\/>\n\t\t\t<input type=\"hidden\" name=\"referer_title\" value=\"refive\" \/>\n\n\t\t\t\n\t\t\t<div class=\"elementor-form-fields-wrapper elementor-labels-above\">\n\t\t\t\t\t\t\t\t<div class=\"elementor-field-type-text elementor-field-group elementor-column elementor-field-group-field_3810b57 elementor-col-50 elementor-md-50 elementor-sm-50 elementor-field-required\">\n\t\t\t\t\t\t\t\t\t\t\t\t<label for=\"form-field-field_3810b57\" class=\"elementor-field-label\">\n\t\t\t\t\t\t\t\tPr\u00e9nom\t\t\t\t\t\t\t<\/label>\n\t\t\t\t\t\t\t\t\t\t\t\t\t\t<input size=\"1\" type=\"text\" name=\"form_fields[field_3810b57]\" id=\"form-field-field_3810b57\" class=\"elementor-field elementor-size-md  elementor-field-textual\" required=\"required\">\n\t\t\t\t\t\t\t\t\t\t\t<\/div>\n\t\t\t\t\t\t\t\t<div class=\"elementor-field-type-text elementor-field-group elementor-column elementor-field-group-field_9eb4838 elementor-col-50 elementor-md-50 elementor-sm-50 elementor-field-required\">\n\t\t\t\t\t\t\t\t\t\t\t\t<label for=\"form-field-field_9eb4838\" class=\"elementor-field-label\">\n\t\t\t\t\t\t\t\tNom de famille\t\t\t\t\t\t\t<\/label>\n\t\t\t\t\t\t\t\t\t\t\t\t\t\t<input size=\"1\" type=\"text\" name=\"form_fields[field_9eb4838]\" id=\"form-field-field_9eb4838\" class=\"elementor-field elementor-size-md  elementor-field-textual\" required=\"required\">\n\t\t\t\t\t\t\t\t\t\t\t<\/div>\n\t\t\t\t\t\t\t\t<div class=\"elementor-field-type-text elementor-field-group elementor-column elementor-field-group-email elementor-col-100 elementor-md-50 elementor-sm-100 elementor-field-required\">\n\t\t\t\t\t\t\t\t\t\t\t\t<label for=\"form-field-email\" class=\"elementor-field-label\">\n\t\t\t\t\t\t\t\tNom de l'entreprise\t\t\t\t\t\t\t<\/label>\n\t\t\t\t\t\t\t\t\t\t\t\t\t\t<input size=\"1\" type=\"text\" name=\"form_fields[email]\" id=\"form-field-email\" class=\"elementor-field elementor-size-md  elementor-field-textual\" required=\"required\">\n\t\t\t\t\t\t\t\t\t\t\t<\/div>\n\t\t\t\t\t\t\t\t<div class=\"elementor-field-type-email elementor-field-group elementor-column elementor-field-group-field_5ee66d9 elementor-col-50 elementor-sm-50 elementor-field-required\">\n\t\t\t\t\t\t\t\t\t\t\t\t<label for=\"form-field-field_5ee66d9\" class=\"elementor-field-label\">\n\t\t\t\t\t\t\t\tEmail\t\t\t\t\t\t\t<\/label>\n\t\t\t\t\t\t\t\t\t\t\t\t\t\t<input size=\"1\" type=\"email\" name=\"form_fields[field_5ee66d9]\" id=\"form-field-field_5ee66d9\" class=\"elementor-field elementor-size-md  elementor-field-textual\" required=\"required\">\n\t\t\t\t\t\t\t\t\t\t\t<\/div>\n\t\t\t\t\t\t\t\t<div class=\"elementor-field-type-tel elementor-field-group elementor-column elementor-field-group-field_a766352 elementor-col-50 elementor-sm-50 elementor-field-required\">\n\t\t\t\t\t\t\t\t\t\t\t\t<label for=\"form-field-field_a766352\" class=\"elementor-field-label\">\n\t\t\t\t\t\t\t\tT\u00e9l\u00e9phone\t\t\t\t\t\t\t<\/label>\n\t\t\t\t\t\t\t\t<input size=\"1\" type=\"tel\" name=\"form_fields[field_a766352]\" id=\"form-field-field_a766352\" class=\"elementor-field elementor-size-md  elementor-field-textual\" required=\"required\" pattern=\"[0-9()#&amp;+*-=.]+\" title=\"Seuls les caract\u00e8res de num\u00e9ros de t\u00e9l\u00e9phone (#, -, *, etc.) sont accept\u00e9s.\">\n\n\t\t\t\t\t\t<\/div>\n\t\t\t\t\t\t\t\t<div class=\"elementor-field-type-select elementor-field-group elementor-column elementor-field-group-plan elementor-col-50 elementor-field-required\">\n\t\t\t\t\t\t\t\t\t\t\t\t<label for=\"form-field-plan\" class=\"elementor-field-label\">\n\t\t\t\t\t\t\t\tPlan\t\t\t\t\t\t\t<\/label>\n\t\t\t\t\t\t\t\t<div class=\"elementor-field elementor-select-wrapper remove-before \">\n\t\t\t<div class=\"select-caret-down-wrapper\">\n\t\t\t\t<i aria-hidden=\"true\" class=\"eicon-caret-down\"><\/i>\t\t\t<\/div>\n\t\t\t<select name=\"form_fields[plan]\" id=\"form-field-plan\" class=\"elementor-field-textual elementor-size-md\" required=\"required\">\n\t\t\t\t\t\t\t\t\t<option value=\"Start \">Start <\/option>\n\t\t\t\t\t\t\t\t\t<option value=\"Unlimited\">Unlimited<\/option>\n\t\t\t\t\t\t\t\t\t<option value=\"Smart\">Smart<\/option>\n\t\t\t\t\t\t\t\t\t<option value=\"Entreprise\">Entreprise<\/option>\n\t\t\t\t\t\t\t\t\t<option value=\"Pas s\u00fbr\">Pas s\u00fbr<\/option>\n\t\t\t\t\t\t\t<\/select>\n\t\t<\/div>\n\t\t\t\t\t\t<\/div>\n\t\t\t\t\t\t\t\t<div class=\"elementor-field-type-text elementor-field-group elementor-column elementor-field-group-field_c69b463 elementor-col-50 elementor-sm-100 elementor-field-required\">\n\t\t\t\t\t\t\t\t\t\t\t\t<label for=\"form-field-field_c69b463\" class=\"elementor-field-label\">\n\t\t\t\t\t\t\t\tVotre point de vente\t\t\t\t\t\t\t<\/label>\n\t\t\t\t\t\t\t\t\t\t\t\t\t\t<input size=\"1\" type=\"text\" name=\"form_fields[field_c69b463]\" id=\"form-field-field_c69b463\" class=\"elementor-field elementor-size-md  elementor-field-textual\" required=\"required\">\n\t\t\t\t\t\t\t\t\t\t\t<\/div>\n\t\t\t\t\t\t\t\t<div class=\"elementor-field-type-acceptance elementor-field-group elementor-column elementor-field-group-field_c330894 elementor-col-100\">\n\t\t\t\t\t\t\t<div class=\"elementor-field-subgroup\">\n\t\t\t<span class=\"elementor-field-option\">\n\t\t\t\t<input type=\"checkbox\" name=\"form_fields[field_c330894]\" id=\"form-field-field_c330894\" class=\"elementor-field elementor-size-md  elementor-acceptance-field\">\n\t\t\t\t<label for=\"form-field-field_c330894\">  Je suis int\u00e9ress\u00e9 par <b>\n  <a href=\"https:\/\/www.refive.io\/pricing\/#addons\" target=\"_blank\">les services compl\u00e9mentaires<\/a>\n<\/b><\/u> <\/label>\t\t\t<\/span>\n\t\t<\/div>\n\t\t\t\t\t\t<\/div>\n\t\t\t\t\t\t\t\t<div class=\"elementor-field-type-acceptance elementor-field-group elementor-column elementor-field-group-field_3eaf40b elementor-col-100 elementor-field-required\">\n\t\t\t\t\t\t\t<div class=\"elementor-field-subgroup\">\n\t\t\t<span class=\"elementor-field-option\">\n\t\t\t\t<input type=\"checkbox\" name=\"form_fields[field_3eaf40b]\" id=\"form-field-field_3eaf40b\" class=\"elementor-field elementor-size-md  elementor-acceptance-field\" required=\"required\">\n\t\t\t\t<label for=\"form-field-field_3eaf40b\">  Je prends bonne note des conditions g\u00e9n\u00e9rales de refive GmbH et les accepte par la pr\u00e9sente. - <u>\n  <b>\n    <a href=\"https:\/\/www.refive.io\/agb\/\" target=\"_blank\">AGB<\/a>\n  <\/b>\n<\/u> <\/label>\t\t\t<\/span>\n\t\t<\/div>\n\t\t\t\t\t\t<\/div>\n\t\t\t\t\t\t\t\t<div class=\"elementor-field-type-acceptance elementor-field-group elementor-column elementor-field-group-field_d3ed500 elementor-col-100 elementor-field-required\">\n\t\t\t\t\t\t\t<div class=\"elementor-field-subgroup\">\n\t\t\t<span class=\"elementor-field-option\">\n\t\t\t\t<input type=\"checkbox\" name=\"form_fields[field_d3ed500]\" id=\"form-field-field_d3ed500\" class=\"elementor-field elementor-size-md  elementor-acceptance-field\" required=\"required\">\n\t\t\t\t<label for=\"form-field-field_d3ed500\">\nJ'accepte que mes donn\u00e9es soient sauvegard\u00e9es \u00e0 cette fin. - <u>\n  <b>\n    <a href=\"https:\/\/www.refive.io\/dse\/\" target=\"_blank\">Politique de confidentialit\u00e9<\/a>\n  <\/b>\n<\/u> <\/label>\t\t\t<\/span>\n\t\t<\/div>\n\t\t\t\t\t\t<\/div>\n\t\t\t\t\t\t\t\t<div class=\"elementor-field-group elementor-column elementor-field-type-submit elementor-col-100 e-form__buttons\">\n\t\t\t\t\t<button class=\"elementor-button elementor-size-sm\" type=\"submit\">\n\t\t\t\t\t\t<span class=\"elementor-button-content-wrapper\">\n\t\t\t\t\t\t\t\t\t\t\t\t\t\t\t\t\t\t\t\t\t\t<span class=\"elementor-button-text\">Essai en cours<\/span>\n\t\t\t\t\t\t\t\t\t\t\t\t\t<\/span>\n\t\t\t\t\t<\/button>\n\t\t\t\t<\/div>\n\t\t\t<\/div>\n\t\t<\/form>\n\t\t\t\t\t\t<\/div>\n\t\t\t\t<\/div>\n\t\t\t\t<div class=\"elementor-element elementor-element-74a75c2 elementor-hidden-desktop elementor-widget-divider--view-line elementor-widget elementor-widget-divider\" data-id=\"74a75c2\" data-element_type=\"widget\" data-widget_type=\"divider.default\">\n\t\t\t\t<div class=\"elementor-widget-container\">\n\t\t\t\t\t\t\t<div class=\"elementor-divider\">\n\t\t\t<span class=\"elementor-divider-separator\">\n\t\t\t\t\t\t<\/span>\n\t\t<\/div>\n\t\t\t\t\t\t<\/div>\n\t\t\t\t<\/div>\n\t\t\t\t\t<\/div>\n\t\t<\/div>\n\t\t\t\t<div class=\"elementor-column elementor-col-50 elementor-inner-column elementor-element elementor-element-9b2d484\" data-id=\"9b2d484\" data-element_type=\"column\" data-settings=\"{&quot;background_background&quot;:&quot;classic&quot;}\">\n\t\t\t<div class=\"elementor-widget-wrap elementor-element-populated\">\n\t\t\t\t\t\t<div class=\"elementor-element elementor-element-1ac3dbe elementor-widget elementor-widget-heading\" data-id=\"1ac3dbe\" data-element_type=\"widget\" data-widget_type=\"heading.default\">\n\t\t\t\t<div class=\"elementor-widget-container\">\n\t\t\t\t\t<h2 class=\"elementor-heading-title elementor-size-default\">R\u00e9server une d\u00e9mo en ligne<\/h2>\t\t\t\t<\/div>\n\t\t\t\t<\/div>\n\t\t<div class=\"elementor-element elementor-element-3229202 e-con-full e-flex e-con e-parent\" data-id=\"3229202\" data-element_type=\"container\">\n\t\t\t\t<div class=\"elementor-element elementor-element-aaf5a17 elementor-widget__width-initial elementor-widget elementor-widget-hubspot-meeting\" data-id=\"aaf5a17\" data-element_type=\"widget\" data-widget_type=\"hubspot-meeting.default\">\n\t\t\t\t<div class=\"elementor-widget-container\">\n\t\t\t\t\t\n\t\t<div class=\"meetings-iframe-container\" data-src=\"https:\/\/meetings-eu1.hubspot.com\/benoit-hage\/website-main-demo-form-fr?embed=true\"><\/div>\n\t\t<script>\n\t\t\tif(window.hbspt && window.hbspt.meetings){\n\t\t\t\twindow.hbspt.meetings.create(\".meetings-iframe-container\");\n\t\t\t}\n\t\t\t<\/script>\n\t\t\t\t\t\t<\/div>\n\t\t\t\t<\/div>\n\t\t\t\t<\/div>\n\t\t\t\t\t<\/div>\n\t\t<\/div>\n\t\t\t\t\t<\/div>\n\t\t<\/section>\n\t\t\t\t\t<\/div>\n\t\t<\/div>\n\t\t\t\t\t<\/div>\n\t\t<\/section>\n\t\t\t\t<\/div>\n\t\t","protected":false},"excerpt":{"rendered":"<p>Registre R\u00e9server une d\u00e9mo en ligne<\/p>\n","protected":false},"author":11,"featured_media":26429,"parent":0,"menu_order":0,"comment_status":"closed","ping_status":"closed","template":"elementor_theme","meta":{"_acf_changed":false,"content-type":"","footnotes":""},"class_list":["post-27919","page","type-page","status-publish","has-post-thumbnail","hentry"],"acf":[],"yoast_head":"<!-- This site is optimized with the Yoast SEO Premium plugin v18.6 (Yoast SEO v26.7) - https:\/\/yoast.com\/wordpress\/plugins\/seo\/ -->\n<title>Inscription refive - Choisir le forfait adapt\u00e9 \u00e0 ses besoins<\/title>\n<meta name=\"description\" content=\"Choisissez la formule la plus adapt\u00e9e \u00e0 vos besoins. Commencez imm\u00e9diatement et remplissez le formulaire d&#039;inscription pour commencer \u00e0 utiliser les re\u00e7us num\u00e9riques de refive.\" \/>\n<meta name=\"robots\" content=\"index, follow, max-snippet:-1, max-image-preview:large, max-video-preview:-1\" \/>\n<link rel=\"canonical\" href=\"https:\/\/www.refive.io\/fr\/registre\/\" \/>\n<meta property=\"og:locale\" content=\"fr_FR\" \/>\n<meta property=\"og:type\" content=\"article\" \/>\n<meta property=\"og:title\" content=\"Registre\" \/>\n<meta property=\"og:description\" content=\"Choisissez la formule la plus adapt\u00e9e \u00e0 vos besoins. Commencez imm\u00e9diatement et remplissez le formulaire d&#039;inscription pour commencer \u00e0 utiliser les re\u00e7us num\u00e9riques de refive.\" \/>\n<meta property=\"og:url\" content=\"https:\/\/www.refive.io\/fr\/registre\/\" \/>\n<meta property=\"og:site_name\" content=\"refive\" \/>\n<meta property=\"article:publisher\" content=\"https:\/\/www.facebook.com\/refiveio\" \/>\n<meta property=\"article:modified_time\" content=\"2023-07-04T09:19:31+00:00\" \/>\n<meta property=\"og:image\" content=\"https:\/\/www.refive.io\/wp-content\/uploads\/2021\/12\/home-page.png\" \/>\n\t<meta property=\"og:image:width\" content=\"1813\" \/>\n\t<meta property=\"og:image:height\" content=\"1980\" \/>\n\t<meta property=\"og:image:type\" content=\"image\/png\" \/>\n<meta name=\"twitter:card\" content=\"summary_large_image\" \/>\n<meta name=\"twitter:site\" content=\"@refive_io\" \/>\n<meta name=\"twitter:label1\" content=\"Dur\u00e9e de lecture estim\u00e9e\" \/>\n\t<meta name=\"twitter:data1\" content=\"1 minute\" \/>\n<script type=\"application\/ld+json\" class=\"yoast-schema-graph\">{\"@context\":\"https:\/\/schema.org\",\"@graph\":[{\"@type\":\"WebPage\",\"@id\":\"https:\/\/www.refive.io\/fr\/registre\/\",\"url\":\"https:\/\/www.refive.io\/fr\/registre\/\",\"name\":\"Inscription refive - Choisir le forfait adapt\u00e9 \u00e0 ses besoins\",\"isPartOf\":{\"@id\":\"https:\/\/www.refive.io\/fr\/#website\"},\"primaryImageOfPage\":{\"@id\":\"https:\/\/www.refive.io\/fr\/registre\/#primaryimage\"},\"image\":{\"@id\":\"https:\/\/www.refive.io\/fr\/registre\/#primaryimage\"},\"thumbnailUrl\":\"https:\/\/www.refive.io\/wp-content\/uploads\/2021\/12\/home-page.png\",\"datePublished\":\"2021-05-17T16:21:20+00:00\",\"dateModified\":\"2023-07-04T09:19:31+00:00\",\"description\":\"Choisissez la formule la plus adapt\u00e9e \u00e0 vos besoins. Commencez imm\u00e9diatement et remplissez le formulaire d'inscription pour commencer \u00e0 utiliser les re\u00e7us num\u00e9riques de refive.\",\"breadcrumb\":{\"@id\":\"https:\/\/www.refive.io\/fr\/registre\/#breadcrumb\"},\"inLanguage\":\"fr-FR\",\"potentialAction\":[{\"@type\":\"ReadAction\",\"target\":[\"https:\/\/www.refive.io\/fr\/registre\/\"]}]},{\"@type\":\"ImageObject\",\"inLanguage\":\"fr-FR\",\"@id\":\"https:\/\/www.refive.io\/fr\/registre\/#primaryimage\",\"url\":\"https:\/\/www.refive.io\/wp-content\/uploads\/2021\/12\/home-page.png\",\"contentUrl\":\"https:\/\/www.refive.io\/wp-content\/uploads\/2021\/12\/home-page.png\",\"width\":1813,\"height\":1980},{\"@type\":\"BreadcrumbList\",\"@id\":\"https:\/\/www.refive.io\/fr\/registre\/#breadcrumb\",\"itemListElement\":[{\"@type\":\"ListItem\",\"position\":1,\"name\":\"Home\",\"item\":\"https:\/\/www.refive.io\/fr\/\"},{\"@type\":\"ListItem\",\"position\":2,\"name\":\"Registre\"}]},{\"@type\":\"WebSite\",\"@id\":\"https:\/\/www.refive.io\/fr\/#website\",\"url\":\"https:\/\/www.refive.io\/fr\/\",\"name\":\"refive\",\"description\":\"\",\"publisher\":{\"@id\":\"https:\/\/www.refive.io\/fr\/#organization\"},\"potentialAction\":[{\"@type\":\"SearchAction\",\"target\":{\"@type\":\"EntryPoint\",\"urlTemplate\":\"https:\/\/www.refive.io\/fr\/?s={search_term_string}\"},\"query-input\":{\"@type\":\"PropertyValueSpecification\",\"valueRequired\":true,\"valueName\":\"search_term_string\"}}],\"inLanguage\":\"fr-FR\"},{\"@type\":\"Organization\",\"@id\":\"https:\/\/www.refive.io\/fr\/#organization\",\"name\":\"refive\",\"url\":\"https:\/\/www.refive.io\/fr\/\",\"logo\":{\"@type\":\"ImageObject\",\"inLanguage\":\"fr-FR\",\"@id\":\"https:\/\/www.refive.io\/fr\/#\/schema\/logo\/image\/\",\"url\":\"https:\/\/www.refive.io\/wp-content\/uploads\/2021\/12\/Logo-3-white-on-black-1.png\",\"contentUrl\":\"https:\/\/www.refive.io\/wp-content\/uploads\/2021\/12\/Logo-3-white-on-black-1.png\",\"width\":1980,\"height\":561,\"caption\":\"refive\"},\"image\":{\"@id\":\"https:\/\/www.refive.io\/fr\/#\/schema\/logo\/image\/\"},\"sameAs\":[\"https:\/\/www.facebook.com\/refiveio\",\"https:\/\/x.com\/refive_io\",\"https:\/\/www.instagram.com\/refive_io\/\",\"https:\/\/www.linkedin.com\/company\/refiveio\/\",\"https:\/\/www.youtube.com\/channel\/UC5lk97R9a_3wbedoYbAJdxQ\"]}]}<\/script>\n<!-- \/ Yoast SEO Premium plugin. -->","yoast_head_json":{"title":"Inscription refive - Choisir le forfait adapt\u00e9 \u00e0 ses besoins","description":"Choisissez la formule la plus adapt\u00e9e \u00e0 vos besoins. Commencez imm\u00e9diatement et remplissez le formulaire d'inscription pour commencer \u00e0 utiliser les re\u00e7us num\u00e9riques de refive.","robots":{"index":"index","follow":"follow","max-snippet":"max-snippet:-1","max-image-preview":"max-image-preview:large","max-video-preview":"max-video-preview:-1"},"canonical":"https:\/\/www.refive.io\/fr\/registre\/","og_locale":"fr_FR","og_type":"article","og_title":"Registre","og_description":"Choisissez la formule la plus adapt\u00e9e \u00e0 vos besoins. Commencez imm\u00e9diatement et remplissez le formulaire d'inscription pour commencer \u00e0 utiliser les re\u00e7us num\u00e9riques de refive.","og_url":"https:\/\/www.refive.io\/fr\/registre\/","og_site_name":"refive","article_publisher":"https:\/\/www.facebook.com\/refiveio","article_modified_time":"2023-07-04T09:19:31+00:00","og_image":[{"width":1813,"height":1980,"url":"https:\/\/www.refive.io\/wp-content\/uploads\/2021\/12\/home-page.png","type":"image\/png"}],"twitter_card":"summary_large_image","twitter_site":"@refive_io","twitter_misc":{"Dur\u00e9e de lecture estim\u00e9e":"1 minute"},"schema":{"@context":"https:\/\/schema.org","@graph":[{"@type":"WebPage","@id":"https:\/\/www.refive.io\/fr\/registre\/","url":"https:\/\/www.refive.io\/fr\/registre\/","name":"Inscription refive - Choisir le forfait adapt\u00e9 \u00e0 ses besoins","isPartOf":{"@id":"https:\/\/www.refive.io\/fr\/#website"},"primaryImageOfPage":{"@id":"https:\/\/www.refive.io\/fr\/registre\/#primaryimage"},"image":{"@id":"https:\/\/www.refive.io\/fr\/registre\/#primaryimage"},"thumbnailUrl":"https:\/\/www.refive.io\/wp-content\/uploads\/2021\/12\/home-page.png","datePublished":"2021-05-17T16:21:20+00:00","dateModified":"2023-07-04T09:19:31+00:00","description":"Choisissez la formule la plus adapt\u00e9e \u00e0 vos besoins. Commencez imm\u00e9diatement et remplissez le formulaire d'inscription pour commencer \u00e0 utiliser les re\u00e7us num\u00e9riques de refive.","breadcrumb":{"@id":"https:\/\/www.refive.io\/fr\/registre\/#breadcrumb"},"inLanguage":"fr-FR","potentialAction":[{"@type":"ReadAction","target":["https:\/\/www.refive.io\/fr\/registre\/"]}]},{"@type":"ImageObject","inLanguage":"fr-FR","@id":"https:\/\/www.refive.io\/fr\/registre\/#primaryimage","url":"https:\/\/www.refive.io\/wp-content\/uploads\/2021\/12\/home-page.png","contentUrl":"https:\/\/www.refive.io\/wp-content\/uploads\/2021\/12\/home-page.png","width":1813,"height":1980},{"@type":"BreadcrumbList","@id":"https:\/\/www.refive.io\/fr\/registre\/#breadcrumb","itemListElement":[{"@type":"ListItem","position":1,"name":"Home","item":"https:\/\/www.refive.io\/fr\/"},{"@type":"ListItem","position":2,"name":"Registre"}]},{"@type":"WebSite","@id":"https:\/\/www.refive.io\/fr\/#website","url":"https:\/\/www.refive.io\/fr\/","name":"refive","description":"","publisher":{"@id":"https:\/\/www.refive.io\/fr\/#organization"},"potentialAction":[{"@type":"SearchAction","target":{"@type":"EntryPoint","urlTemplate":"https:\/\/www.refive.io\/fr\/?s={search_term_string}"},"query-input":{"@type":"PropertyValueSpecification","valueRequired":true,"valueName":"search_term_string"}}],"inLanguage":"fr-FR"},{"@type":"Organization","@id":"https:\/\/www.refive.io\/fr\/#organization","name":"refive","url":"https:\/\/www.refive.io\/fr\/","logo":{"@type":"ImageObject","inLanguage":"fr-FR","@id":"https:\/\/www.refive.io\/fr\/#\/schema\/logo\/image\/","url":"https:\/\/www.refive.io\/wp-content\/uploads\/2021\/12\/Logo-3-white-on-black-1.png","contentUrl":"https:\/\/www.refive.io\/wp-content\/uploads\/2021\/12\/Logo-3-white-on-black-1.png","width":1980,"height":561,"caption":"refive"},"image":{"@id":"https:\/\/www.refive.io\/fr\/#\/schema\/logo\/image\/"},"sameAs":["https:\/\/www.facebook.com\/refiveio","https:\/\/x.com\/refive_io","https:\/\/www.instagram.com\/refive_io\/","https:\/\/www.linkedin.com\/company\/refiveio\/","https:\/\/www.youtube.com\/channel\/UC5lk97R9a_3wbedoYbAJdxQ"]}]}},"_links":{"self":[{"href":"https:\/\/www.refive.io\/fr\/wp-json\/wp\/v2\/pages\/27919","targetHints":{"allow":["GET"]}}],"collection":[{"href":"https:\/\/www.refive.io\/fr\/wp-json\/wp\/v2\/pages"}],"about":[{"href":"https:\/\/www.refive.io\/fr\/wp-json\/wp\/v2\/types\/page"}],"author":[{"embeddable":true,"href":"https:\/\/www.refive.io\/fr\/wp-json\/wp\/v2\/users\/11"}],"replies":[{"embeddable":true,"href":"https:\/\/www.refive.io\/fr\/wp-json\/wp\/v2\/comments?post=27919"}],"version-history":[{"count":0,"href":"https:\/\/www.refive.io\/fr\/wp-json\/wp\/v2\/pages\/27919\/revisions"}],"wp:featuredmedia":[{"embeddable":true,"href":"https:\/\/www.refive.io\/fr\/wp-json\/wp\/v2\/media\/26429"}],"wp:attachment":[{"href":"https:\/\/www.refive.io\/fr\/wp-json\/wp\/v2\/media?parent=27919"}],"curies":[{"name":"wp","href":"https:\/\/api.w.org\/{rel}","templated":true}]}}